{"id":4026,"date":"2025-02-27T15:33:10","date_gmt":"2025-02-27T14:33:10","guid":{"rendered":"https:\/\/vss-werbefilme-2025.de\/?page_id=4026"},"modified":"2025-02-27T15:34:14","modified_gmt":"2025-02-27T14:34:14","slug":"impressum","status":"publish","type":"page","link":"https:\/\/vss-werbefilme.de\/?page_id=4026","title":{"rendered":"Impressum"},"content":{"rendered":"\t\t<div data-elementor-type=\"wp-page\" data-elementor-id=\"4026\" class=\"elementor elementor-4026\">\n\t\t\t\t<div class=\"elementor-element elementor-element-44cca37 e-flex e-con-boxed e-con e-parent\" data-id=\"44cca37\" data-element_type=\"container\">\n\t\t\t\t\t<div class=\"e-con-inner\">\n\t\t\t\t<div class=\"elementor-element elementor-element-b469549 elementor-widget elementor-widget-pelicula_core_section_title\" data-id=\"b469549\" data-element_type=\"widget\" data-widget_type=\"pelicula_core_section_title.default\">\n\t\t\t\t<div class=\"elementor-widget-container\">\n\t\t\t\t\t<div class=\"qodef-shortcode qodef-m  qodef-section-title qodef-alignment--left \" data-holder-options=\"{&quot;line-breaks&quot;:&quot;&quot;}\">\n\t\t    \t<h2 class=\"qodef-m-title\" style=\"color: #BF9F5E\">\n\t\t\tImpressum\t<\/h2>\n    \t<\/div>\t\t\t\t<\/div>\n\t\t\t\t<\/div>\n\t\t\t\t<div class=\"elementor-element elementor-element-5cb579b elementor-widget elementor-widget-spacer\" data-id=\"5cb579b\" data-element_type=\"widget\" data-widget_type=\"spacer.default\">\n\t\t\t\t\t\t\t<div class=\"elementor-spacer\">\n\t\t\t<div class=\"elementor-spacer-inner\"><\/div>\n\t\t<\/div>\n\t\t\t\t\t\t<\/div>\n\t\t<div class=\"elementor-element elementor-element-cf602d1 e-con-full e-flex e-con e-child\" data-id=\"cf602d1\" data-element_type=\"container\">\n\t\t\t\t<div class=\"elementor-element elementor-element-01ce97f elementor-widget elementor-widget-heading\" data-id=\"01ce97f\" data-element_type=\"widget\" data-widget_type=\"heading.default\">\n\t\t\t\t\t<h4 class=\"elementor-heading-title elementor-size-default\">Angaben gem\u00e4\u00df \u00a7 5 TMG:<\/h4>\t\t\t\t<\/div>\n\t\t\t\t<div class=\"elementor-element elementor-element-4d40930 elementor-widget elementor-widget-text-editor\" data-id=\"4d40930\" data-element_type=\"widget\" data-widget_type=\"text-editor.default\">\n\t\t\t\t\t\t\t\t\t<p>VSS &#8211; Video Studio Service GmbH<br \/>N\u00f6diker Stra\u00dfe 118<br \/>49716 Meppen<\/p>\t\t\t\t\t\t\t\t<\/div>\n\t\t\t\t<div class=\"elementor-element elementor-element-2c0b8ec elementor-widget elementor-widget-spacer\" data-id=\"2c0b8ec\" data-element_type=\"widget\" data-widget_type=\"spacer.default\">\n\t\t\t\t\t\t\t<div class=\"elementor-spacer\">\n\t\t\t<div class=\"elementor-spacer-inner\"><\/div>\n\t\t<\/div>\n\t\t\t\t\t\t<\/div>\n\t\t\t\t<\/div>\n\t\t<div class=\"elementor-element elementor-element-316affe e-con-full e-flex e-con e-child\" data-id=\"316affe\" data-element_type=\"container\">\n\t\t\t\t<div class=\"elementor-element elementor-element-9c159b4 elementor-widget elementor-widget-heading\" data-id=\"9c159b4\" data-element_type=\"widget\" data-widget_type=\"heading.default\">\n\t\t\t\t\t<h4 class=\"elementor-heading-title elementor-size-default\">Vertreten durch:<\/h4>\t\t\t\t<\/div>\n\t\t\t\t<div class=\"elementor-element elementor-element-3a00a3a elementor-widget elementor-widget-text-editor\" data-id=\"3a00a3a\" data-element_type=\"widget\" data-widget_type=\"text-editor.default\">\n\t\t\t\t\t\t\t\t\t<p>Maximilian Forth<\/p>\t\t\t\t\t\t\t\t<\/div>\n\t\t\t\t<div class=\"elementor-element elementor-element-43373fe elementor-widget elementor-widget-spacer\" data-id=\"43373fe\" data-element_type=\"widget\" data-widget_type=\"spacer.default\">\n\t\t\t\t\t\t\t<div class=\"elementor-spacer\">\n\t\t\t<div class=\"elementor-spacer-inner\"><\/div>\n\t\t<\/div>\n\t\t\t\t\t\t<\/div>\n\t\t\t\t<\/div>\n\t\t<div class=\"elementor-element elementor-element-99573a1 e-con-full e-flex e-con e-child\" data-id=\"99573a1\" data-element_type=\"container\">\n\t\t\t\t<div class=\"elementor-element elementor-element-182ec0e elementor-widget elementor-widget-heading\" data-id=\"182ec0e\" data-element_type=\"widget\" data-widget_type=\"heading.default\">\n\t\t\t\t\t<h4 class=\"elementor-heading-title elementor-size-default\">Kontakt:<\/h4>\t\t\t\t<\/div>\n\t\t\t\t<div class=\"elementor-element elementor-element-ff6919b elementor-widget elementor-widget-text-editor\" data-id=\"ff6919b\" data-element_type=\"widget\" data-widget_type=\"text-editor.default\">\n\t\t\t\t\t\t\t\t\t<p>Telefon: 05931 20201<br \/>Telefax: 05931 20209<br \/>E-Mail: vss@video-studio-service.de<\/p>\t\t\t\t\t\t\t\t<\/div>\n\t\t\t\t<div class=\"elementor-element elementor-element-65ecd30 elementor-widget elementor-widget-spacer\" data-id=\"65ecd30\" data-element_type=\"widget\" data-widget_type=\"spacer.default\">\n\t\t\t\t\t\t\t<div class=\"elementor-spacer\">\n\t\t\t<div class=\"elementor-spacer-inner\"><\/div>\n\t\t<\/div>\n\t\t\t\t\t\t<\/div>\n\t\t\t\t<\/div>\n\t\t<div class=\"elementor-element elementor-element-5ba643a e-con-full e-flex e-con e-child\" data-id=\"5ba643a\" data-element_type=\"container\">\n\t\t\t\t<div class=\"elementor-element elementor-element-f8772a9 elementor-widget elementor-widget-heading\" data-id=\"f8772a9\" data-element_type=\"widget\" data-widget_type=\"heading.default\">\n\t\t\t\t\t<h4 class=\"elementor-heading-title elementor-size-default\">Registereintrag:<\/h4>\t\t\t\t<\/div>\n\t\t\t\t<div class=\"elementor-element elementor-element-861c804 elementor-widget elementor-widget-text-editor\" data-id=\"861c804\" data-element_type=\"widget\" data-widget_type=\"text-editor.default\">\n\t\t\t\t\t\t\t\t\t<p>Eintragung im Handelsregister.<br \/>Registergericht: Amtsgericht Osnabr\u00fcck<br \/>Registernummer: HBR 120281<\/p>\t\t\t\t\t\t\t\t<\/div>\n\t\t\t\t<div class=\"elementor-element elementor-element-ce88776 elementor-widget elementor-widget-spacer\" data-id=\"ce88776\" data-element_type=\"widget\" data-widget_type=\"spacer.default\">\n\t\t\t\t\t\t\t<div class=\"elementor-spacer\">\n\t\t\t<div class=\"elementor-spacer-inner\"><\/div>\n\t\t<\/div>\n\t\t\t\t\t\t<\/div>\n\t\t\t\t<\/div>\n\t\t<div class=\"elementor-element elementor-element-db28ffe e-con-full e-flex e-con e-child\" data-id=\"db28ffe\" data-element_type=\"container\">\n\t\t\t\t<div class=\"elementor-element elementor-element-b8332b0 elementor-widget elementor-widget-heading\" data-id=\"b8332b0\" data-element_type=\"widget\" data-widget_type=\"heading.default\">\n\t\t\t\t\t<h4 class=\"elementor-heading-title elementor-size-default\">Aufsichtsbeh\u00f6rde:<\/h4>\t\t\t\t<\/div>\n\t\t\t\t<div class=\"elementor-element elementor-element-fbe2c53 elementor-widget elementor-widget-text-editor\" data-id=\"fbe2c53\" data-element_type=\"widget\" data-widget_type=\"text-editor.default\">\n\t\t\t\t\t\t\t\t\t<p>Industrie- und Handelskammer Osnabr\u00fcck<\/p>\t\t\t\t\t\t\t\t<\/div>\n\t\t\t\t<div class=\"elementor-element elementor-element-ebbed55 elementor-widget elementor-widget-spacer\" data-id=\"ebbed55\" data-element_type=\"widget\" data-widget_type=\"spacer.default\">\n\t\t\t\t\t\t\t<div class=\"elementor-spacer\">\n\t\t\t<div class=\"elementor-spacer-inner\"><\/div>\n\t\t<\/div>\n\t\t\t\t\t\t<\/div>\n\t\t\t\t<\/div>\n\t\t<div class=\"elementor-element elementor-element-089e1e8 e-con-full e-flex e-con e-child\" data-id=\"089e1e8\" data-element_type=\"container\">\n\t\t\t\t<div class=\"elementor-element elementor-element-1e3c116 elementor-widget elementor-widget-heading\" data-id=\"1e3c116\" data-element_type=\"widget\" data-widget_type=\"heading.default\">\n\t\t\t\t\t<h4 class=\"elementor-heading-title elementor-size-default\">Umsatzsteuer:<\/h4>\t\t\t\t<\/div>\n\t\t\t\t<div class=\"elementor-element elementor-element-2f499c7 elementor-widget elementor-widget-text-editor\" data-id=\"2f499c7\" data-element_type=\"widget\" data-widget_type=\"text-editor.default\">\n\t\t\t\t\t\t\t\t\t<p>Umsatzsteuer-Identifikationsnummer gem\u00e4\u00df \u00a727 a Umsatzsteuergesetz:<br \/>DE117339310<\/p>\t\t\t\t\t\t\t\t<\/div>\n\t\t\t\t<div class=\"elementor-element elementor-element-d49babc elementor-widget elementor-widget-spacer\" data-id=\"d49babc\" data-element_type=\"widget\" data-widget_type=\"spacer.default\">\n\t\t\t\t\t\t\t<div class=\"elementor-spacer\">\n\t\t\t<div class=\"elementor-spacer-inner\"><\/div>\n\t\t<\/div>\n\t\t\t\t\t\t<\/div>\n\t\t\t\t<\/div>\n\t\t<div class=\"elementor-element elementor-element-84223de e-con-full e-flex e-con e-child\" data-id=\"84223de\" data-element_type=\"container\">\n\t\t\t\t<div class=\"elementor-element elementor-element-8deb195 elementor-widget elementor-widget-heading\" data-id=\"8deb195\" data-element_type=\"widget\" data-widget_type=\"heading.default\">\n\t\t\t\t\t<h4 class=\"elementor-heading-title elementor-size-default\">Streitschlichtung<\/h4>\t\t\t\t<\/div>\n\t\t\t\t<div class=\"elementor-element elementor-element-63b084d elementor-widget elementor-widget-text-editor\" data-id=\"63b084d\" data-element_type=\"widget\" data-widget_type=\"text-editor.default\">\n\t\t\t\t\t\t\t\t\t<p>Wir sind nicht bereit oder verpflichtet, an Streitbeilegungsverfahren vor einer Verbraucherschlichtungsstelle teilzunehmen.<\/p>\t\t\t\t\t\t\t\t<\/div>\n\t\t\t\t<div class=\"elementor-element elementor-element-ff72042 elementor-widget elementor-widget-spacer\" data-id=\"ff72042\" data-element_type=\"widget\" data-widget_type=\"spacer.default\">\n\t\t\t\t\t\t\t<div class=\"elementor-spacer\">\n\t\t\t<div class=\"elementor-spacer-inner\"><\/div>\n\t\t<\/div>\n\t\t\t\t\t\t<\/div>\n\t\t\t\t<\/div>\n\t\t<div class=\"elementor-element elementor-element-3bed34a e-con-full e-flex e-con e-child\" data-id=\"3bed34a\" data-element_type=\"container\">\n\t\t\t\t<div class=\"elementor-element elementor-element-32c6d13 elementor-widget elementor-widget-heading\" data-id=\"32c6d13\" data-element_type=\"widget\" data-widget_type=\"heading.default\">\n\t\t\t\t\t<h4 class=\"elementor-heading-title elementor-size-default\">Haftung f\u00fcr Inhalte<\/h4>\t\t\t\t<\/div>\n\t\t\t\t<div class=\"elementor-element elementor-element-67a1ccd elementor-widget elementor-widget-text-editor\" data-id=\"67a1ccd\" data-element_type=\"widget\" data-widget_type=\"text-editor.default\">\n\t\t\t\t\t\t\t\t\t<p>Als Diensteanbieter sind wir gem\u00e4\u00df \u00a7 7 Abs.1 TMG f\u00fcr eigene Inhalte auf diesen Seiten nach den allgemeinen Gesetzen verantwortlich. Nach \u00a7\u00a7 8 bis 10 TMG sind wir als Diensteanbieter jedoch nicht verpflichtet, \u00fcbermittelte oder gespeicherte fremde Informationen zu \u00fcberwachen oder nach Umst\u00e4nden zu forschen, die auf eine rechtswidrige T\u00e4tigkeit hinweisen.<\/p><p>Verpflichtungen zur Entfernung oder Sperrung der Nutzung von Informationen nach den allgemeinen Gesetzen bleiben hiervon unber\u00fchrt. Eine diesbez\u00fcgliche Haftung ist jedoch erst ab dem Zeitpunkt der Kenntnis einer konkreten Rechtsverletzung m\u00f6glich. Bei Bekanntwerden von entsprechenden Rechtsverletzungen werden wir diese Inhalte umgehend entfernen.<\/p>\t\t\t\t\t\t\t\t<\/div>\n\t\t\t\t<div class=\"elementor-element elementor-element-4efeac3 elementor-widget elementor-widget-spacer\" data-id=\"4efeac3\" data-element_type=\"widget\" data-widget_type=\"spacer.default\">\n\t\t\t\t\t\t\t<div class=\"elementor-spacer\">\n\t\t\t<div class=\"elementor-spacer-inner\"><\/div>\n\t\t<\/div>\n\t\t\t\t\t\t<\/div>\n\t\t\t\t<\/div>\n\t\t<div class=\"elementor-element elementor-element-928dfb1 e-con-full e-flex e-con e-child\" data-id=\"928dfb1\" data-element_type=\"container\">\n\t\t\t\t<div class=\"elementor-element elementor-element-78a0f57 elementor-widget elementor-widget-heading\" data-id=\"78a0f57\" data-element_type=\"widget\" data-widget_type=\"heading.default\">\n\t\t\t\t\t<h4 class=\"elementor-heading-title elementor-size-default\">Haftung f\u00fcr Links<\/h4>\t\t\t\t<\/div>\n\t\t\t\t<div class=\"elementor-element elementor-element-2f8f0b8 elementor-widget elementor-widget-text-editor\" data-id=\"2f8f0b8\" data-element_type=\"widget\" data-widget_type=\"text-editor.default\">\n\t\t\t\t\t\t\t\t\t<p>Unser Angebot enth\u00e4lt Links zu externen Websites Dritter, auf deren Inhalte wir keinen Einfluss haben. Deshalb k\u00f6nnen wir f\u00fcr diese fremden Inhalte auch keine Gew\u00e4hr \u00fcbernehmen. F\u00fcr die Inhalte der verlinkten Seiten ist stets der jeweilige Anbieter oder Betreiber der Seiten verantwortlich. Die verlinkten Seiten wurden zum Zeitpunkt der Verlinkung auf m\u00f6gliche Rechtsverst\u00f6\u00dfe \u00fcberpr\u00fcft. Rechtswidrige Inhalte waren zum Zeitpunkt der Verlinkung nicht erkennbar.<\/p><p>Eine permanente inhaltliche Kontrolle der verlinkten Seiten ist jedoch ohne konkrete Anhaltspunkte einer Rechtsverletzung nicht zumutbar. Bei Bekanntwerden von Rechtsverletzungen werden wir derartige Links umgehend entfernen.<\/p>\t\t\t\t\t\t\t\t<\/div>\n\t\t\t\t<div class=\"elementor-element elementor-element-b57971c elementor-widget elementor-widget-spacer\" data-id=\"b57971c\" data-element_type=\"widget\" data-widget_type=\"spacer.default\">\n\t\t\t\t\t\t\t<div class=\"elementor-spacer\">\n\t\t\t<div class=\"elementor-spacer-inner\"><\/div>\n\t\t<\/div>\n\t\t\t\t\t\t<\/div>\n\t\t\t\t<\/div>\n\t\t<div class=\"elementor-element elementor-element-bb178e2 e-con-full e-flex e-con e-child\" data-id=\"bb178e2\" data-element_type=\"container\">\n\t\t\t\t<div class=\"elementor-element elementor-element-05b8754 elementor-widget elementor-widget-heading\" data-id=\"05b8754\" data-element_type=\"widget\" data-widget_type=\"heading.default\">\n\t\t\t\t\t<h4 class=\"elementor-heading-title elementor-size-default\">Urheberrecht<\/h4>\t\t\t\t<\/div>\n\t\t\t\t<div class=\"elementor-element elementor-element-de6ae4c elementor-widget elementor-widget-text-editor\" data-id=\"de6ae4c\" data-element_type=\"widget\" data-widget_type=\"text-editor.default\">\n\t\t\t\t\t\t\t\t\t<p>Die durch die Seitenbetreiber erstellten Inhalte und Werke auf diesen Seiten unterliegen dem deutschen Urheberrecht. Die Vervielf\u00e4ltigung, Bearbeitung, Verbreitung und jede Art der Verwertung au\u00dferhalb der Grenzen des Urheberrechtes bed\u00fcrfen der schriftlichen Zustimmung des jeweiligen Autors bzw. Erstellers. Downloads und Kopien dieser Seite sind nur f\u00fcr den privaten, nicht kommerziellen Gebrauch gestattet.<\/p><p>Soweit die Inhalte auf dieser Seite nicht vom Betreiber erstellt wurden, werden die Urheberrechte Dritter beachtet. Insbesondere werden Inhalte Dritter als solche gekennzeichnet. Sollten Sie trotzdem auf eine Urheberrechtsverletzung aufmerksam werden, bitten wir um einen entsprechenden Hinweis. Bei Bekanntwerden von Rechtsverletzungen werden wir derartige Inhalte umgehend entfernen.<\/p>\t\t\t\t\t\t\t\t<\/div>\n\t\t\t\t<div class=\"elementor-element elementor-element-6302557 elementor-widget elementor-widget-spacer\" data-id=\"6302557\" data-element_type=\"widget\" data-widget_type=\"spacer.default\">\n\t\t\t\t\t\t\t<div class=\"elementor-spacer\">\n\t\t\t<div class=\"elementor-spacer-inner\"><\/div>\n\t\t<\/div>\n\t\t\t\t\t\t<\/div>\n\t\t\t\t<\/div>\n\t\t<div class=\"elementor-element elementor-element-cca0bb6 e-con-full e-flex e-con e-child\" data-id=\"cca0bb6\" data-element_type=\"container\">\n\t\t\t\t<div class=\"elementor-element elementor-element-01846ba elementor-widget elementor-widget-heading\" data-id=\"01846ba\" data-element_type=\"widget\" data-widget_type=\"heading.default\">\n\t\t\t\t\t<h4 class=\"elementor-heading-title elementor-size-default\">Bildquellen<\/h4>\t\t\t\t<\/div>\n\t\t\t\t<div class=\"elementor-element elementor-element-2354c7d elementor-widget elementor-widget-text-editor\" data-id=\"2354c7d\" data-element_type=\"widget\" data-widget_type=\"text-editor.default\">\n\t\t\t\t\t\t\t\t\t<p>VSS Werbefilme<br \/>Sch\u00f6ning Fotodesign<br \/><a href=\"http:\/\/www.werbefotostudio.de\/\">http:\/\/www.werbefotostudio.de<\/a><\/p>\t\t\t\t\t\t\t\t<\/div>\n\t\t\t\t<div class=\"elementor-element elementor-element-23ef200 elementor-widget elementor-widget-spacer\" data-id=\"23ef200\" data-element_type=\"widget\" data-widget_type=\"spacer.default\">\n\t\t\t\t\t\t\t<div class=\"elementor-spacer\">\n\t\t\t<div class=\"elementor-spacer-inner\"><\/div>\n\t\t<\/div>\n\t\t\t\t\t\t<\/div>\n\t\t\t\t<\/div>\n\t\t\t\t\t<\/div>\n\t\t\t\t<\/div>\n\t\t\t\t<\/div>\n\t\t","protected":false},"excerpt":{"rendered":"<p>Impressum Angaben gem\u00e4\u00df \u00a7 5 TMG: VSS &#8211; Video Studio Service GmbHN\u00f6diker Stra\u00dfe 11849716 Meppen Vertreten durch: Maximilian Forth Kontakt: Telefon: 05931 20201Telefax: 05931 20209E-Mail: vss@video-studio-service.de Registereintrag: Eintragung im Handelsregister.Registergericht: Amtsgericht Osnabr\u00fcckRegisternummer: HBR 120281 Aufsichtsbeh\u00f6rde: Industrie- und Handelskammer Osnabr\u00fcck Umsatzsteuer: Umsatzsteuer-Identifikationsnummer gem\u00e4\u00df \u00a727 a Umsatzsteuergesetz:DE117339310 Streitschlichtung Wir sind nicht bereit oder verpflichtet, an Streitbeilegungsverfahren vor [&hellip;]<\/p>\n","protected":false},"author":1,"featured_media":0,"parent":0,"menu_order":0,"comment_status":"closed","ping_status":"closed","template":"","meta":{"footnotes":""},"class_list":["post-4026","page","type-page","status-publish","hentry"],"yoast_head":"<!-- This site is optimized with the Yoast SEO plugin v24.8.1 - https:\/\/yoast.com\/wordpress\/plugins\/seo\/ -->\n<title>Impressum - VSS Werbefilme | Professionelle Filmproduktion &amp; Werbefilme im Nordwesten<\/title>\n<meta name=\"robots\" content=\"index, follow, max-snippet:-1, max-image-preview:large, max-video-preview:-1\" \/>\n<link rel=\"canonical\" href=\"https:\/\/vss-werbefilme.de\/?page_id=4026\" \/>\n<meta property=\"og:locale\" content=\"de_DE\" \/>\n<meta property=\"og:type\" content=\"article\" \/>\n<meta property=\"og:title\" content=\"Impressum - VSS Werbefilme | Professionelle Filmproduktion &amp; Werbefilme im Nordwesten\" \/>\n<meta property=\"og:description\" content=\"Impressum Angaben gem\u00e4\u00df \u00a7 5 TMG: VSS &#8211; Video Studio Service GmbHN\u00f6diker Stra\u00dfe 11849716 Meppen Vertreten durch: Maximilian Forth Kontakt: Telefon: 05931 20201Telefax: 05931 20209E-Mail: vss@video-studio-service.de Registereintrag: Eintragung im Handelsregister.Registergericht: Amtsgericht Osnabr\u00fcckRegisternummer: HBR 120281 Aufsichtsbeh\u00f6rde: Industrie- und Handelskammer Osnabr\u00fcck Umsatzsteuer: Umsatzsteuer-Identifikationsnummer gem\u00e4\u00df \u00a727 a Umsatzsteuergesetz:DE117339310 Streitschlichtung Wir sind nicht bereit oder verpflichtet, an Streitbeilegungsverfahren vor [&hellip;]\" \/>\n<meta property=\"og:url\" content=\"https:\/\/vss-werbefilme.de\/?page_id=4026\" \/>\n<meta property=\"og:site_name\" content=\"VSS Werbefilme | Professionelle Filmproduktion &amp; Werbefilme im Nordwesten\" \/>\n<meta property=\"article:modified_time\" content=\"2025-02-27T14:34:14+00:00\" \/>\n<meta name=\"twitter:card\" content=\"summary_large_image\" \/>\n<meta name=\"twitter:label1\" content=\"Gesch\u00e4tzte Lesezeit\" \/>\n\t<meta name=\"twitter:data1\" content=\"2\u00a0Minuten\" \/>\n<script type=\"application\/ld+json\" class=\"yoast-schema-graph\">{\"@context\":\"https:\/\/schema.org\",\"@graph\":[{\"@type\":\"WebPage\",\"@id\":\"https:\/\/vss-werbefilme.de\/?page_id=4026\",\"url\":\"https:\/\/vss-werbefilme.de\/?page_id=4026\",\"name\":\"Impressum - VSS Werbefilme | Professionelle Filmproduktion &amp; Werbefilme im Nordwesten\",\"isPartOf\":{\"@id\":\"https:\/\/vss-werbefilme.de\/#website\"},\"datePublished\":\"2025-02-27T14:33:10+00:00\",\"dateModified\":\"2025-02-27T14:34:14+00:00\",\"breadcrumb\":{\"@id\":\"https:\/\/vss-werbefilme.de\/?page_id=4026#breadcrumb\"},\"inLanguage\":\"de\",\"potentialAction\":[{\"@type\":\"ReadAction\",\"target\":[\"https:\/\/vss-werbefilme.de\/?page_id=4026\"]}]},{\"@type\":\"BreadcrumbList\",\"@id\":\"https:\/\/vss-werbefilme.de\/?page_id=4026#breadcrumb\",\"itemListElement\":[{\"@type\":\"ListItem\",\"position\":1,\"name\":\"Startseite\",\"item\":\"https:\/\/vss-werbefilme.de\/\"},{\"@type\":\"ListItem\",\"position\":2,\"name\":\"Impressum\"}]},{\"@type\":\"WebSite\",\"@id\":\"https:\/\/vss-werbefilme.de\/#website\",\"url\":\"https:\/\/vss-werbefilme.de\/\",\"name\":\"VSS Werbefilme | Professionelle Filmproduktion & Werbefilme im Nordwesten\",\"description\":\"Hochwertige Filmproduktion: Imagefilme, Werbefilme &amp; Social-Media-Videos f\u00fcr Unternehmen in Niedersachsen &amp; NRW.\",\"publisher\":{\"@id\":\"https:\/\/vss-werbefilme.de\/#organization\"},\"potentialAction\":[{\"@type\":\"SearchAction\",\"target\":{\"@type\":\"EntryPoint\",\"urlTemplate\":\"https:\/\/vss-werbefilme.de\/?s={search_term_string}\"},\"query-input\":{\"@type\":\"PropertyValueSpecification\",\"valueRequired\":true,\"valueName\":\"search_term_string\"}}],\"inLanguage\":\"de\"},{\"@type\":\"Organization\",\"@id\":\"https:\/\/vss-werbefilme.de\/#organization\",\"name\":\"VSS Werbefilme | Professionelle Filmproduktion & Werbefilme im Nordwesten\",\"url\":\"https:\/\/vss-werbefilme.de\/\",\"logo\":{\"@type\":\"ImageObject\",\"inLanguage\":\"de\",\"@id\":\"https:\/\/vss-werbefilme.de\/#\/schema\/logo\/image\/\",\"url\":\"https:\/\/vss-werbefilme.de\/wp-content\/uploads\/revslider\/youtube-hero-2\/VSS-Showreel-Logo-Thumbnail-2024.png\",\"contentUrl\":\"https:\/\/vss-werbefilme.de\/wp-content\/uploads\/revslider\/youtube-hero-2\/VSS-Showreel-Logo-Thumbnail-2024.png\",\"width\":3840,\"height\":2160,\"caption\":\"VSS Werbefilme | Professionelle Filmproduktion & Werbefilme im Nordwesten\"},\"image\":{\"@id\":\"https:\/\/vss-werbefilme.de\/#\/schema\/logo\/image\/\"}}]}<\/script>\n<!-- \/ Yoast SEO plugin. -->","yoast_head_json":{"title":"Impressum - VSS Werbefilme | Professionelle Filmproduktion &amp; Werbefilme im Nordwesten","robots":{"index":"index","follow":"follow","max-snippet":"max-snippet:-1","max-image-preview":"max-image-preview:large","max-video-preview":"max-video-preview:-1"},"canonical":"https:\/\/vss-werbefilme.de\/?page_id=4026","og_locale":"de_DE","og_type":"article","og_title":"Impressum - VSS Werbefilme | Professionelle Filmproduktion &amp; Werbefilme im Nordwesten","og_description":"Impressum Angaben gem\u00e4\u00df \u00a7 5 TMG: VSS &#8211; Video Studio Service GmbHN\u00f6diker Stra\u00dfe 11849716 Meppen Vertreten durch: Maximilian Forth Kontakt: Telefon: 05931 20201Telefax: 05931 20209E-Mail: vss@video-studio-service.de Registereintrag: Eintragung im Handelsregister.Registergericht: Amtsgericht Osnabr\u00fcckRegisternummer: HBR 120281 Aufsichtsbeh\u00f6rde: Industrie- und Handelskammer Osnabr\u00fcck Umsatzsteuer: Umsatzsteuer-Identifikationsnummer gem\u00e4\u00df \u00a727 a Umsatzsteuergesetz:DE117339310 Streitschlichtung Wir sind nicht bereit oder verpflichtet, an Streitbeilegungsverfahren vor [&hellip;]","og_url":"https:\/\/vss-werbefilme.de\/?page_id=4026","og_site_name":"VSS Werbefilme | Professionelle Filmproduktion &amp; Werbefilme im Nordwesten","article_modified_time":"2025-02-27T14:34:14+00:00","twitter_card":"summary_large_image","twitter_misc":{"Gesch\u00e4tzte Lesezeit":"2\u00a0Minuten"},"schema":{"@context":"https:\/\/schema.org","@graph":[{"@type":"WebPage","@id":"https:\/\/vss-werbefilme.de\/?page_id=4026","url":"https:\/\/vss-werbefilme.de\/?page_id=4026","name":"Impressum - VSS Werbefilme | Professionelle Filmproduktion &amp; Werbefilme im Nordwesten","isPartOf":{"@id":"https:\/\/vss-werbefilme.de\/#website"},"datePublished":"2025-02-27T14:33:10+00:00","dateModified":"2025-02-27T14:34:14+00:00","breadcrumb":{"@id":"https:\/\/vss-werbefilme.de\/?page_id=4026#breadcrumb"},"inLanguage":"de","potentialAction":[{"@type":"ReadAction","target":["https:\/\/vss-werbefilme.de\/?page_id=4026"]}]},{"@type":"BreadcrumbList","@id":"https:\/\/vss-werbefilme.de\/?page_id=4026#breadcrumb","itemListElement":[{"@type":"ListItem","position":1,"name":"Startseite","item":"https:\/\/vss-werbefilme.de\/"},{"@type":"ListItem","position":2,"name":"Impressum"}]},{"@type":"WebSite","@id":"https:\/\/vss-werbefilme.de\/#website","url":"https:\/\/vss-werbefilme.de\/","name":"VSS Werbefilme | Professionelle Filmproduktion & Werbefilme im Nordwesten","description":"Hochwertige Filmproduktion: Imagefilme, Werbefilme &amp; Social-Media-Videos f\u00fcr Unternehmen in Niedersachsen &amp; NRW.","publisher":{"@id":"https:\/\/vss-werbefilme.de\/#organization"},"potentialAction":[{"@type":"SearchAction","target":{"@type":"EntryPoint","urlTemplate":"https:\/\/vss-werbefilme.de\/?s={search_term_string}"},"query-input":{"@type":"PropertyValueSpecification","valueRequired":true,"valueName":"search_term_string"}}],"inLanguage":"de"},{"@type":"Organization","@id":"https:\/\/vss-werbefilme.de\/#organization","name":"VSS Werbefilme | Professionelle Filmproduktion & Werbefilme im Nordwesten","url":"https:\/\/vss-werbefilme.de\/","logo":{"@type":"ImageObject","inLanguage":"de","@id":"https:\/\/vss-werbefilme.de\/#\/schema\/logo\/image\/","url":"https:\/\/vss-werbefilme.de\/wp-content\/uploads\/revslider\/youtube-hero-2\/VSS-Showreel-Logo-Thumbnail-2024.png","contentUrl":"https:\/\/vss-werbefilme.de\/wp-content\/uploads\/revslider\/youtube-hero-2\/VSS-Showreel-Logo-Thumbnail-2024.png","width":3840,"height":2160,"caption":"VSS Werbefilme | Professionelle Filmproduktion & Werbefilme im Nordwesten"},"image":{"@id":"https:\/\/vss-werbefilme.de\/#\/schema\/logo\/image\/"}}]}},"_links":{"self":[{"href":"https:\/\/vss-werbefilme.de\/index.php?rest_route=\/wp\/v2\/pages\/4026","targetHints":{"allow":["GET"]}}],"collection":[{"href":"https:\/\/vss-werbefilme.de\/index.php?rest_route=\/wp\/v2\/pages"}],"about":[{"href":"https:\/\/vss-werbefilme.de\/index.php?rest_route=\/wp\/v2\/types\/page"}],"author":[{"embeddable":true,"href":"https:\/\/vss-werbefilme.de\/index.php?rest_route=\/wp\/v2\/users\/1"}],"replies":[{"embeddable":true,"href":"https:\/\/vss-werbefilme.de\/index.php?rest_route=%2Fwp%2Fv2%2Fcomments&post=4026"}],"version-history":[{"count":0,"href":"https:\/\/vss-werbefilme.de\/index.php?rest_route=\/wp\/v2\/pages\/4026\/revisions"}],"wp:attachment":[{"href":"https:\/\/vss-werbefilme.de\/index.php?rest_route=%2Fwp%2Fv2%2Fmedia&parent=4026"}],"curies":[{"name":"wp","href":"https:\/\/api.w.org\/{rel}","templated":true}]}}